{"id":895,"date":"2019-10-24T16:36:46","date_gmt":"2019-10-24T19:36:46","guid":{"rendered":"https:\/\/cmo-bue.infd.edu.ar\/sitio\/?page_id=895"},"modified":"2019-12-05T15:14:14","modified_gmt":"2019-12-05T18:14:14","slug":"libros-en-pdf","status":"publish","type":"page","link":"https:\/\/cmo-bue.infd.edu.ar\/sitio\/libros-en-pdf\/","title":{"rendered":"Libros en PDF"},"content":{"rendered":"<p><strong>BIBLIOGRAFIA DE CONSULTA<\/strong><\/p>\n<ul>\n<li><strong>Aprendizaje Pleno<\/strong>\u00a0 <a href=\"https:\/\/drive.google.com\/open?id=1xcBHfSXy7Ayf7vyySjvmbA1mfvUm49vB\"><img decoding=\"async\" loading=\"lazy\" class=\"alignnone wp-image-696\" src=\"https:\/\/cmo-bue.infd.edu.ar\/sitio\/wp-content\/uploads\/2018\/08\/2aIsiXGna4uGfimagen_incrustada5.png\" alt=\"\" width=\"48\" height=\"48\" \/><\/a><\/li>\n<li><strong>Desarrollar la pr\u00e1ctica reflexiva en el oficio de ense\u00f1ar <a href=\"https:\/\/drive.google.com\/open?id=1ig__ugro_o0TyvPnIbLAKh0TZFLwhTAp\"><img decoding=\"async\" loading=\"lazy\" class=\"alignnone wp-image-696\" src=\"https:\/\/cmo-bue.infd.edu.ar\/sitio\/wp-content\/uploads\/2018\/08\/2aIsiXGna4uGfimagen_incrustada5.png\" alt=\"\" width=\"48\" height=\"48\" \/><\/a><br \/>\n<\/strong><\/li>\n<li><strong>Desarrollo Cognitivo y Educacion <a href=\"https:\/\/drive.google.com\/open?id=1nMXt9yZ19rp8Y-UQLK5iadTamioP5rrs\"><img decoding=\"async\" loading=\"lazy\" class=\"alignnone wp-image-696\" src=\"https:\/\/cmo-bue.infd.edu.ar\/sitio\/wp-content\/uploads\/2018\/08\/2aIsiXGna4uGfimagen_incrustada5.png\" alt=\"\" width=\"48\" height=\"48\" \/><\/a><br \/>\n<\/strong><\/li>\n<li><strong>Desarrollo de escuelas inclusivas <a href=\"https:\/\/drive.google.com\/open?id=1SyH7mcrjH1ui89xkQlCpZGTHKRMQtBVc\"><img decoding=\"async\" loading=\"lazy\" class=\"alignnone wp-image-696\" src=\"https:\/\/cmo-bue.infd.edu.ar\/sitio\/wp-content\/uploads\/2018\/08\/2aIsiXGna4uGfimagen_incrustada5.png\" alt=\"\" width=\"48\" height=\"48\" \/><\/a><br \/>\n<\/strong><\/li>\n<li><strong>Diez nuevas competencias para ense\u00f1ar\u00a0<a href=\"https:\/\/drive.google.com\/open?id=1R8Dkl_C1094srkzSj6WTKPjMtUazyqGI\"><img decoding=\"async\" loading=\"lazy\" class=\"alignnone wp-image-696\" src=\"https:\/\/cmo-bue.infd.edu.ar\/sitio\/wp-content\/uploads\/2018\/08\/2aIsiXGna4uGfimagen_incrustada5.png\" alt=\"\" width=\"48\" height=\"48\" \/><\/a><\/strong><\/li>\n<li><strong>El oficio de ense\u00f1ar <a href=\"https:\/\/drive.google.com\/open?id=12vLlniJhJs7yaM8nGugGbDHYVvFZRWqH\"><img decoding=\"async\" loading=\"lazy\" class=\"alignnone wp-image-696\" src=\"https:\/\/cmo-bue.infd.edu.ar\/sitio\/wp-content\/uploads\/2018\/08\/2aIsiXGna4uGfimagen_incrustada5.png\" alt=\"\" width=\"48\" height=\"48\" \/><\/a><br \/>\n<\/strong><\/li>\n<li><strong>El saber didactico <a href=\"https:\/\/drive.google.com\/open?id=1NOxWwBfJOBV7itMEydgk5jihVg6TBfCD\"><img decoding=\"async\" loading=\"lazy\" class=\"alignnone wp-image-696\" src=\"https:\/\/cmo-bue.infd.edu.ar\/sitio\/wp-content\/uploads\/2018\/08\/2aIsiXGna4uGfimagen_incrustada5.png\" alt=\"\" width=\"48\" height=\"48\" \/><\/a><br \/>\n<\/strong><\/li>\n<li><strong>Enriquecer la Ensen\u0303anza <a href=\"https:\/\/drive.google.com\/open?id=1u4bPxv4F2rpGoYkgoVpb8CXVTM_q3LBs\"><img decoding=\"async\" loading=\"lazy\" class=\"alignnone wp-image-696\" src=\"https:\/\/cmo-bue.infd.edu.ar\/sitio\/wp-content\/uploads\/2018\/08\/2aIsiXGna4uGfimagen_incrustada5.png\" alt=\"\" width=\"48\" height=\"48\" \/><\/a><br \/>\n<\/strong><\/li>\n<li><strong>Gestionar una escuela con aulas heterogeneas <a href=\"https:\/\/drive.google.com\/open?id=1Xw1L41eivYrHS-welbBTeSI_xm0XD52A\"><img decoding=\"async\" loading=\"lazy\" class=\"alignnone wp-image-696\" src=\"https:\/\/cmo-bue.infd.edu.ar\/sitio\/wp-content\/uploads\/2018\/08\/2aIsiXGna4uGfimagen_incrustada5.png\" alt=\"\" width=\"48\" height=\"48\" \/><\/a><br \/>\n<\/strong><\/li>\n<li><strong>Inteligencia multiple en el aula <a href=\"https:\/\/drive.google.com\/open?id=1xcBHfSXy7Ayf7vyySjvmbA1mfvUm49vB\"><img decoding=\"async\" loading=\"lazy\" class=\"alignnone wp-image-696\" src=\"https:\/\/cmo-bue.infd.edu.ar\/sitio\/wp-content\/uploads\/2018\/08\/2aIsiXGna4uGfimagen_incrustada5.png\" alt=\"\" width=\"48\" height=\"48\" \/><\/a><br \/>\n<\/strong><\/li>\n<li><strong>La educacion puerta de la cultura <a href=\"https:\/\/drive.google.com\/open?id=1DAYPK-1WxW_kRQv3MUrY2DePHixn8nKw\"><img decoding=\"async\" loading=\"lazy\" class=\"alignnone wp-image-696\" src=\"https:\/\/cmo-bue.infd.edu.ar\/sitio\/wp-content\/uploads\/2018\/08\/2aIsiXGna4uGfimagen_incrustada5.png\" alt=\"\" width=\"48\" height=\"48\" \/><\/a><br \/>\n<\/strong><\/li>\n<li><strong>La ense\u00f1anza para la compresion <a href=\"https:\/\/drive.google.com\/open?id=1yKRM5_GTXh5fTcXrQeIO0TkTAgrJ12FU\"><img decoding=\"async\" loading=\"lazy\" class=\"alignnone wp-image-696\" src=\"https:\/\/cmo-bue.infd.edu.ar\/sitio\/wp-content\/uploads\/2018\/08\/2aIsiXGna4uGfimagen_incrustada5.png\" alt=\"\" width=\"48\" height=\"48\" \/><\/a><br \/>\n<\/strong><\/li>\n<li><strong>La evaluacion como oportunidad <a href=\"https:\/\/drive.google.com\/open?id=19z5ILXcULMC6B7_U-uQbWgC3YoL_gPL1\"><img decoding=\"async\" loading=\"lazy\" class=\"alignnone wp-image-696\" src=\"https:\/\/cmo-bue.infd.edu.ar\/sitio\/wp-content\/uploads\/2018\/08\/2aIsiXGna4uGfimagen_incrustada5.png\" alt=\"\" width=\"48\" height=\"48\" \/><\/a><br \/>\n<\/strong><\/li>\n<li><strong>La transposici\u00f3n did\u00e1ctica <a href=\"https:\/\/drive.google.com\/open?id=1uyxogrq6BFEQU4pduLgj8AjaXrHR-35r\"><img decoding=\"async\" loading=\"lazy\" class=\"alignnone wp-image-696\" src=\"https:\/\/cmo-bue.infd.edu.ar\/sitio\/wp-content\/uploads\/2018\/08\/2aIsiXGna4uGfimagen_incrustada5.png\" alt=\"\" width=\"48\" height=\"48\" \/><\/a><br \/>\n<\/strong><\/li>\n<li><strong>Los artesanos de la ense\u00f1anza <a href=\"https:\/\/drive.google.com\/open?id=1iYiPh7nwEn6IzMFWr8Q5M9_8BK6hgmON\"><img decoding=\"async\" loading=\"lazy\" class=\"alignnone wp-image-696\" src=\"https:\/\/cmo-bue.infd.edu.ar\/sitio\/wp-content\/uploads\/2018\/08\/2aIsiXGna4uGfimagen_incrustada5.png\" alt=\"\" width=\"48\" height=\"48\" \/><\/a><br \/>\n<\/strong><\/li>\n<li><strong>Mas Alla de La Tecnologia <a href=\"https:\/\/drive.google.com\/open?id=1gCHMXon20rNmm4FTemrU_c4htCM7OemU\"><img decoding=\"async\" loading=\"lazy\" class=\"alignnone wp-image-696\" src=\"https:\/\/cmo-bue.infd.edu.ar\/sitio\/wp-content\/uploads\/2018\/08\/2aIsiXGna4uGfimagen_incrustada5.png\" alt=\"\" width=\"48\" height=\"48\" \/><\/a><br \/>\n<\/strong><\/li>\n<li><strong>Metodos de ense\u00f1anza <a href=\"https:\/\/drive.google.com\/open?id=1jPDoTtM3wFmyZj1J5URNGxUquuEHg1f5\"><img decoding=\"async\" loading=\"lazy\" class=\"alignnone wp-image-696\" src=\"https:\/\/cmo-bue.infd.edu.ar\/sitio\/wp-content\/uploads\/2018\/08\/2aIsiXGna4uGfimagen_incrustada5.png\" alt=\"\" width=\"48\" height=\"48\" \/><\/a><br \/>\n<\/strong><\/li>\n<li><strong>Nucleos interdisciplinarios de contenidos nic <a href=\"https:\/\/drive.google.com\/open?id=1WSJ1vk_up5DIOtUEIIpX2lvFv6pgxNkI\"><img decoding=\"async\" loading=\"lazy\" class=\"alignnone wp-image-696\" src=\"https:\/\/cmo-bue.infd.edu.ar\/sitio\/wp-content\/uploads\/2018\/08\/2aIsiXGna4uGfimagen_incrustada5.png\" alt=\"\" width=\"48\" height=\"48\" \/><\/a><br \/>\n<\/strong><\/li>\n<li><strong>Pedagogia Cientifica <a href=\"https:\/\/drive.google.com\/open?id=1Hqgb-jCszSj6MoQxkInKbuTYiavRrhNt\"><img decoding=\"async\" loading=\"lazy\" class=\"alignnone wp-image-696\" src=\"https:\/\/cmo-bue.infd.edu.ar\/sitio\/wp-content\/uploads\/2018\/08\/2aIsiXGna4uGfimagen_incrustada5.png\" alt=\"\" width=\"48\" height=\"48\" \/><\/a><br \/>\n<\/strong><\/li>\n<li><strong>Recuperar la pedagogia <a href=\"https:\/\/drive.google.com\/open?id=1XtJfXDK0om6jHrTO6AlY-wBiagAeLa1N\"><img decoding=\"async\" loading=\"lazy\" class=\"alignnone wp-image-696\" src=\"https:\/\/cmo-bue.infd.edu.ar\/sitio\/wp-content\/uploads\/2018\/08\/2aIsiXGna4uGfimagen_incrustada5.png\" alt=\"\" width=\"48\" height=\"48\" \/><\/a><br \/>\n<\/strong><\/li>\n<\/ul>\n<p>&nbsp;<\/p>\n","protected":false},"excerpt":{"rendered":"<p>BIBLIOGRAFIA DE CONSULTA Aprendizaje Pleno\u00a0 Desarrollar la pr\u00e1ctica reflexiva en el oficio de ense\u00f1ar Desarrollo Cognitivo y Educacion Desarrollo de escuelas inclusivas Diez nuevas competencias para ense\u00f1ar\u00a0 El oficio de ense\u00f1ar El saber didactico Enriquecer la Ensen\u0303anza Gestionar una escuela con aulas heterogeneas Inteligencia multiple en el aula La educacion puerta de la cultura La &#8230; <a title=\"Libros en PDF\" class=\"read-more\" href=\"https:\/\/cmo-bue.infd.edu.ar\/sitio\/libros-en-pdf\/\" aria-label=\"More on Libros en PDF\">[+]<\/a><\/p>\n","protected":false},"author":179,"featured_media":0,"parent":0,"menu_order":0,"comment_status":"closed","ping_status":"closed","template":"","meta":[],"acf":[],"_links":{"self":[{"href":"https:\/\/cmo-bue.infd.edu.ar\/sitio\/wp-json\/wp\/v2\/pages\/895"}],"collection":[{"href":"https:\/\/cmo-bue.infd.edu.ar\/sitio\/wp-json\/wp\/v2\/pages"}],"about":[{"href":"https:\/\/cmo-bue.infd.edu.ar\/sitio\/wp-json\/wp\/v2\/types\/page"}],"author":[{"embeddable":true,"href":"https:\/\/cmo-bue.infd.edu.ar\/sitio\/wp-json\/wp\/v2\/users\/179"}],"replies":[{"embeddable":true,"href":"https:\/\/cmo-bue.infd.edu.ar\/sitio\/wp-json\/wp\/v2\/comments?post=895"}],"version-history":[{"count":13,"href":"https:\/\/cmo-bue.infd.edu.ar\/sitio\/wp-json\/wp\/v2\/pages\/895\/revisions"}],"predecessor-version":[{"id":917,"href":"https:\/\/cmo-bue.infd.edu.ar\/sitio\/wp-json\/wp\/v2\/pages\/895\/revisions\/917"}],"wp:attachment":[{"href":"https:\/\/cmo-bue.infd.edu.ar\/sitio\/wp-json\/wp\/v2\/media?parent=895"}],"curies":[{"name":"wp","href":"https:\/\/api.w.org\/{rel}","templated":true}]}}